{"id":13,"date":"2025-07-05T11:55:30","date_gmt":"2025-07-05T09:55:30","guid":{"rendered":"https:\/\/maisonlesperluette.fr\/?page_id=13"},"modified":"2025-10-19T12:03:11","modified_gmt":"2025-10-19T10:03:11","slug":"a-propos","status":"publish","type":"page","link":"https:\/\/maisonlesperluette.fr\/index.php\/a-propos\/","title":{"rendered":"Organisation"},"content":{"rendered":"\n<div class=\"wp-block-cover alignfull is-light\" style=\"margin-top:0;margin-bottom:0;padding-top:0px;padding-bottom:80px;min-height:300px;aspect-ratio:unset;\"><img decoding=\"async\" class=\"wp-block-cover__image-background wp-image-4206\" alt=\"\" src=\"https:\/\/tyler.com\/wp-content\/uploads\/2023\/12\/surf-banner1.jpg\" style=\"object-position:53% 52%\" data-object-fit=\"cover\" data-object-position=\"53% 52%\"\/><span aria-hidden=\"true\" class=\"wp-block-cover__background has-background-dim-100 has-background-dim\" style=\"background-color:#8ec44d\"><\/span><div class=\"wp-block-cover__inner-container has-global-padding is-layout-constrained wp-container-core-cover-is-layout-d4c6b484 wp-block-cover-is-layout-constrained\">\n<div style=\"height:150px\" aria-hidden=\"true\" class=\"wp-block-spacer\"><\/div>\n\n\n\n<h1 class=\"wp-block-heading has-text-align-center has-text-color has-background has-link-color has-young-serif-regular-font-family wp-elements-55b1f44b42bab9c3969b15423d226743\" style=\"color:#454140;background-color:#8bc349;font-size:clamp(38.682px, 2.418rem + ((1vw - 3.2px) * 3.786), 72px);font-style:normal;font-weight:400\">UN MODE D&rsquo; HABITAT ORDINAIRE<\/h1>\n<\/div><\/div>\n\n\n\n<section class=\"wp-block-group alignfull has-global-padding is-layout-constrained wp-container-core-group-is-layout-608bbd49 wp-block-group-is-layout-constrained\" style=\"margin-top:0px;padding-top:6rem;padding-right:1rem;padding-bottom:5rem;padding-left:1rem;font-size:clamp(0.875rem, 0.875rem + ((1vw - 0.2rem) * 0.464), 1.13rem);font-style:normal;font-weight:400;line-height:1.4\">\n<div class=\"wp-block-columns is-layout-flex wp-container-core-columns-is-layout-03ad6a19 wp-block-columns-is-layout-flex\" style=\"margin-bottom:0px\">\n<div class=\"wp-block-column is-vertically-aligned-center is-layout-flow wp-block-column-is-layout-flow\" style=\"flex-basis:50%\">\n<figure class=\"wp-block-gallery aligncenter has-nested-images columns-default is-cropped wp-block-gallery-2 is-layout-flex wp-block-gallery-is-layout-flex\">\n<figure class=\"wp-block-image size-full is-style-default wp-duotone-unset-1\"><img loading=\"lazy\" decoding=\"async\" width=\"1204\" height=\"1600\" data-id=\"67\" src=\"https:\/\/maisonlesperluette.fr\/wp-content\/uploads\/2025\/07\/pique-nique.jpg\" alt=\"\" class=\"wp-image-67\" style=\"aspect-ratio:1;object-fit:cover\" srcset=\"https:\/\/maisonlesperluette.fr\/wp-content\/uploads\/2025\/07\/pique-nique.jpg 1204w, https:\/\/maisonlesperluette.fr\/wp-content\/uploads\/2025\/07\/pique-nique-226x300.jpg 226w, https:\/\/maisonlesperluette.fr\/wp-content\/uploads\/2025\/07\/pique-nique-771x1024.jpg 771w, https:\/\/maisonlesperluette.fr\/wp-content\/uploads\/2025\/07\/pique-nique-768x1021.jpg 768w, https:\/\/maisonlesperluette.fr\/wp-content\/uploads\/2025\/07\/pique-nique-1156x1536.jpg 1156w\" sizes=\"auto, (max-width: 1204px) 100vw, 1204px\" \/><\/figure>\n<\/figure>\n<\/div>\n\n\n\n<div class=\"wp-block-column is-vertically-aligned-center has-global-padding is-layout-constrained wp-container-core-column-is-layout-c4a7d96a wp-block-column-is-layout-constrained\" style=\"flex-basis:50%\">\n<h3 class=\"wp-block-heading has-text-align-center has-text-color has-suranna-font-family\" style=\"color:#000000;margin-top:0.5rem;margin-bottom:0rem;font-size:clamp(24.034px, 1.502rem + ((1vw - 3.2px) * 1.814), 40px);font-style:normal;font-weight:500;letter-spacing:0px;line-height:1.3\">  FAVORISANT LE LIEN SOCIAL<\/h3>\n\n\n\n<p class=\"has-text-align-left has-text-color has-pontano-sans-font-family\" style=\"color:#000000;margin-top:20px;margin-bottom:20px;font-size:clamp(14px, 0.875rem + ((1vw - 3.2px) * 0.455), 18px);font-style:normal;font-weight:400;line-height:1.5\"><strong>\u00c0 L\u2019esperluette, chaque geste du quotidien est un lien contre l\u2019isolement<\/strong><\/p>\n\n\n\n<p>Au sein de <strong>L\u2019esperluette<\/strong>, nous croyons que l\u2019inclusion ne se d\u00e9cr\u00e8te pas, elle se vit \u2014 chaque jour, dans les petits gestes, les \u00e9changes sinc\u00e8res et les instants partag\u00e9s. Loin de se limiter \u00e0 un toit ou \u00e0 un lieu de vie, <strong>notre habitat inclusif est avant tout un espace de relations, de solidarit\u00e9 et de pr\u00e9sence humaine.<\/strong><\/p>\n\n\n\n<p>Lutter contre l\u2019isolement des personnes, c\u2019est notre c\u0153ur de mission. Cela passe par des choses simples, mais essentielles : <strong>pr\u00e9parer un repas ensemble<\/strong>, <strong>se retrouver autour d\u2019un caf\u00e9<\/strong>, <strong>faire les courses \u00e0 deux<\/strong>, <strong>\u00e9changer sur la journ\u00e9e pass\u00e9e<\/strong>\u2026 Ces moments du quotidien, v\u00e9cus \u00e0 plusieurs, deviennent des rep\u00e8res, des sources de bien-\u00eatre et d\u2019estime de soi.<\/p>\n\n\n\n<p>Ici, <strong>chaque colocataire est acteur de la vie commune<\/strong>. Chacun apporte sa voix, sa personnalit\u00e9, son rythme. Ce lien constant, tiss\u00e9 au fil des jours, permet \u00e0 chacun de se sentir pleinement chez soi \u2014 mais jamais seul.<\/p>\n\n\n\n<p class=\"has-text-align-left has-text-color has-pontano-sans-font-family\" style=\"color:#000000;margin-top:20px;margin-bottom:20px;font-size:clamp(14px, 0.875rem + ((1vw - 3.2px) * 0.455), 18px);font-style:normal;font-weight:400;line-height:1.5\">\u00c0 <strong>L\u2019esperluette<\/strong>, nous faisons le pari du <strong>vivre-ensemble<\/strong>, o\u00f9 la pr\u00e9sence de l\u2019autre est une richesse et o\u00f9 le soutien mutuel devient une \u00e9vidence. Parce qu\u2019au-del\u00e0 du logement, <strong>ce sont les liens humains qui rendent la vie plus belle et plus forte.<\/strong><\/p>\n\n\n\n<div class=\"wp-block-buttons is-horizontal is-content-justification-left is-layout-flex wp-container-core-buttons-is-layout-2c34cf1c wp-block-buttons-is-layout-flex\" style=\"margin-top:0.51rem\">\n<div class=\"wp-block-button has-custom-width wp-block-button__width-50 is-style-fill\"><a class=\"wp-block-button__link has-text-color has-background has-pontano-sans-font-family has-custom-font-size wp-element-button\" href=\"#\" style=\"border-style:none;border-width:0px;border-radius:0rem;color:#fffffd;background-color:#006837;padding-top:0.71rem;padding-right:0.31rem;padding-bottom:0.71rem;padding-left:0.31rem;font-size:clamp(0.875rem, 0.875rem + ((1vw - 0.2rem) * 0.245), 1.01rem);font-style:normal;font-weight:600;letter-spacing:1px;line-height:1.5;text-transform:uppercase\">CONTACT<\/a><\/div>\n<\/div>\n<\/div>\n<\/div>\n<\/section>\n\n\n\n<div class=\"wp-block-cover alignfull is-light\" style=\"padding-top:6rem;padding-bottom:6rem\"><span aria-hidden=\"true\" class=\"wp-block-cover__background has-background-dim-70 has-background-dim\" style=\"background-color:#c6d4cf\"><\/span><div class=\"wp-block-cover__inner-container has-global-padding is-layout-constrained wp-container-core-cover-is-layout-5cbdda46 wp-block-cover-is-layout-constrained\">\n<h2 class=\"wp-block-heading has-text-align-center has-text-color has-link-color has-suranna-font-family wp-elements-356debf137b9f82765261110748dedf0\" style=\"color:#000000;font-size:clamp(24.034px, 1.502rem + ((1vw - 3.2px) * 1.814), 40px);font-style:normal;font-weight:500;letter-spacing:1px\">PERMETTANT DE PRESERVER L&rsquo;AUTONOMIE <\/h2>\n\n\n\n<p class=\"has-text-align-center has-text-color has-link-color wp-elements-e1abdd829c97ddd982edf2e2f57475a3\" style=\"color:#000000;font-size:clamp(14px, 0.875rem + ((1vw - 3.2px) * 0.455), 18px);\">Dans notre <strong>habitat inclusif<\/strong>, nous ne faisons pas \u00ab \u00e0 la place \u00bb, mais <strong>avec<\/strong>. Chaque colocataire est encourag\u00e9 \u00e0 participer \u00e0 la vie commune selon ses envies, ses capacit\u00e9s et son rythme. L\u2019objectif n\u2019est pas la performance, mais le <strong>d\u00e9veloppement de la confiance en soi<\/strong>, dans un cadre rassurant et stimulant.<\/p>\n\n\n\n<p>Nous nous appuyons sur les comp\u00e9tences de chacun, aussi petites ou grandes soient-elles, pour renforcer l\u2019autonomie tout en respectant les fragilit\u00e9s. Cela implique <strong>un accompagnement attentif, bienveillant, et toujours personnalis\u00e9<\/strong>, o\u00f9 les limites de chacun sont prises en compte sans jamais enfermer.<\/p>\n\n\n\n<p class=\"has-text-align-center has-text-color has-link-color wp-elements-7ccd4d316b7a6a65e6b240402ea4fce9\" style=\"color:#000000;font-size:clamp(14px, 0.875rem + ((1vw - 3.2px) * 0.455), 18px);\">C\u2019est ce juste \u00e9quilibre qui fait la richesse de la vie \u00e0 L\u2019esperluette : <strong>favoriser l\u2019autonomie sans pression, encourager sans imposer, proposer sans forcer<\/strong>. Car l\u2019autonomie n\u2019est pas un objectif fig\u00e9, mais un chemin unique, propre \u00e0 chaque personne.<\/p>\n\n\n\n<div class=\"wp-block-buttons is-horizontal is-content-justification-center is-layout-flex wp-container-core-buttons-is-layout-bb07f847 wp-block-buttons-is-layout-flex\" style=\"margin-top:30px\">\n<div class=\"wp-block-button has-custom-width wp-block-button__width-25 is-style-fill\"><a class=\"wp-block-button__link has-text-color has-background has-pontano-sans-font-family has-custom-font-size wp-element-button\" href=\"#\" style=\"border-style:none;border-width:0px;border-radius:0rem;color:#fffffd;background-color:#006837;padding-top:0.71rem;padding-right:0.31rem;padding-bottom:0.71rem;padding-left:0.31rem;font-size:clamp(0.875rem, 0.875rem + ((1vw - 0.2rem) * 0.245), 1.01rem);font-style:normal;font-weight:600;letter-spacing:1px;line-height:1.5;text-transform:uppercase\">CONTACT<\/a><\/div>\n<\/div>\n<\/div><\/div>\n\n\n\n<section class=\"wp-block-group alignfull has-global-padding is-layout-constrained wp-container-core-group-is-layout-8202059b wp-block-group-is-layout-constrained\" style=\"margin-top:0px;padding-top:6rem;padding-right:1rem;padding-bottom:6rem;padding-left:1rem;font-size:clamp(0.875rem, 0.875rem + ((1vw - 0.2rem) * 0.464), 1.13rem);font-style:normal;font-weight:400;line-height:1.4\">\n<div class=\"wp-block-columns is-layout-flex wp-container-core-columns-is-layout-03ad6a19 wp-block-columns-is-layout-flex\" style=\"margin-bottom:0px\">\n<div class=\"wp-block-column is-vertically-aligned-center has-global-padding is-layout-constrained wp-container-core-column-is-layout-c4a7d96a wp-block-column-is-layout-constrained\" style=\"flex-basis:50%\">\n<h3 class=\"wp-block-heading has-text-align-center has-text-color has-suranna-font-family\" style=\"color:#010101;margin-top:0.5rem;margin-bottom:0rem;font-size:clamp(24.034px, 1.502rem + ((1vw - 3.2px) * 1.814), 40px);font-style:normal;font-weight:500;letter-spacing:0px;line-height:1.3\">A travers des activit\u00e9s simples<\/h3>\n\n\n\n<p class=\"has-text-align-left has-text-color has-pontano-sans-font-family\" style=\"color:#010101;margin-top:20px;margin-bottom:20px;font-size:clamp(14px, 0.875rem + ((1vw - 3.2px) * 0.455), 18px);font-style:normal;font-weight:400;line-height:1.5\">La pr\u00e9sence d&rsquo;une coordinatrice de vis sociale permet de proposer des activit\u00e9s tous les jours. Chacun a le choix de sa participation. .<\/p>\n\n\n\n<div class=\"wp-block-buttons is-horizontal is-content-justification-left is-layout-flex wp-container-core-buttons-is-layout-2c34cf1c wp-block-buttons-is-layout-flex\" style=\"margin-top:0.51rem\">\n<div class=\"wp-block-button has-custom-width wp-block-button__width-50 is-style-fill\"><a class=\"wp-block-button__link has-text-color has-background has-pontano-sans-font-family has-custom-font-size wp-element-button\" href=\"#\" style=\"border-style:none;border-width:0px;border-radius:0rem;color:#fffffd;background-color:#e27013;padding-top:0.71rem;padding-right:0.31rem;padding-bottom:0.71rem;padding-left:0.31rem;font-size:clamp(0.875rem, 0.875rem + ((1vw - 0.2rem) * 0.245), 1.01rem);font-style:normal;font-weight:600;letter-spacing:1px;line-height:1.5;text-transform:uppercase\"> a voir <\/a><\/div>\n<\/div>\n<\/div>\n\n\n\n<div class=\"wp-block-column is-vertically-aligned-center is-layout-flow wp-block-column-is-layout-flow\" style=\"flex-basis:50%\">\n<figure class=\"wp-block-image alignright size-full has-custom-border\"><img loading=\"lazy\" decoding=\"async\" width=\"1542\" height=\"2048\" src=\"https:\/\/maisonlesperluette.fr\/wp-content\/uploads\/2025\/10\/activite-a-trois-1.jpg\" alt=\"\" class=\"has-border-color has-tertiary-border-color wp-image-129\" style=\"border-width:1px;aspect-ratio:1;object-fit:cover\" srcset=\"https:\/\/maisonlesperluette.fr\/wp-content\/uploads\/2025\/10\/activite-a-trois-1.jpg 1542w, https:\/\/maisonlesperluette.fr\/wp-content\/uploads\/2025\/10\/activite-a-trois-1-226x300.jpg 226w, https:\/\/maisonlesperluette.fr\/wp-content\/uploads\/2025\/10\/activite-a-trois-1-771x1024.jpg 771w, https:\/\/maisonlesperluette.fr\/wp-content\/uploads\/2025\/10\/activite-a-trois-1-768x1020.jpg 768w, https:\/\/maisonlesperluette.fr\/wp-content\/uploads\/2025\/10\/activite-a-trois-1-1157x1536.jpg 1157w\" sizes=\"auto, (max-width: 1542px) 100vw, 1542px\" \/><\/figure>\n<\/div>\n<\/div>\n<\/section>\n\n\n\n<section class=\"wp-block-cover alignfull\" style=\"margin-top:0px;padding-top:1.01rem;padding-bottom:1.01rem;min-height:430px;aspect-ratio:unset;\"><img loading=\"lazy\" decoding=\"async\" width=\"1024\" height=\"771\" class=\"wp-block-cover__image-background wp-image-139 size-large\" alt=\"\" src=\"https:\/\/maisonlesperluette.fr\/wp-content\/uploads\/2025\/10\/activite-simple-2-1024x771.jpg\" data-object-fit=\"cover\" srcset=\"https:\/\/maisonlesperluette.fr\/wp-content\/uploads\/2025\/10\/activite-simple-2-1024x771.jpg 1024w, https:\/\/maisonlesperluette.fr\/wp-content\/uploads\/2025\/10\/activite-simple-2-300x226.jpg 300w, https:\/\/maisonlesperluette.fr\/wp-content\/uploads\/2025\/10\/activite-simple-2-768x578.jpg 768w, https:\/\/maisonlesperluette.fr\/wp-content\/uploads\/2025\/10\/activite-simple-2-1536x1156.jpg 1536w, https:\/\/maisonlesperluette.fr\/wp-content\/uploads\/2025\/10\/activite-simple-2.jpg 1600w\" sizes=\"auto, (max-width: 1024px) 100vw, 1024px\" \/><span aria-hidden=\"true\" class=\"wp-block-cover__background has-background-dim-0 has-background-dim\" style=\"background-color:#edf1f2\"><\/span><div class=\"wp-block-cover__inner-container has-global-padding is-layout-constrained wp-container-core-cover-is-layout-b1bebcb3 wp-block-cover-is-layout-constrained\">\n<div class=\"wp-block-group has-text-color is-layout-flow wp-block-group-is-layout-flow\" style=\"color:#fffffd;margin-top:0px;padding-top:0rem;padding-right:1rem;padding-bottom:0rem;padding-left:1rem;font-size:clamp(0.875rem, 0.875rem + ((1vw - 0.2rem) * 0.464), 1.13rem);font-style:normal;font-weight:400;line-height:1.4\">\n<div class=\"wp-block-group has-global-padding is-layout-constrained wp-container-core-group-is-layout-bdbfdc43 wp-block-group-is-layout-constrained\">\n<p class=\"has-text-align-center has-text-color\" style=\"color:#fffffd;margin-bottom:0rem;font-size:clamp(1.507rem, 1.507rem + ((1vw - 0.2rem) * 1.824), 2.51rem);font-style:normal;font-weight:400;line-height:1.2\">\u00ab\u00a0<strong>Le plus grand de tous les arts est l\u2019art de vivre ensemble.<\/strong>\u00ab\u00a0<\/p>\n\n\n\n<p class=\"has-text-align-center has-text-color\" style=\"color:#fffffd;margin-bottom:0rem;font-size:clamp(1.507rem, 1.507rem + ((1vw - 0.2rem) * 1.824), 2.51rem);font-style:normal;font-weight:400;line-height:1.2\">William Lyon Phelps<\/p>\n<\/div>\n\n\n\n<div class=\"wp-block-group is-vertical is-content-justification-stretch is-layout-flex wp-container-core-group-is-layout-bfdebe91 wp-block-group-is-layout-flex\" style=\"margin-top:1.81rem;padding-right:0px;padding-left:0px\">\n<div class=\"wp-block-group has-global-padding is-content-justification-center is-layout-constrained wp-container-core-group-is-layout-2f0bcb29 wp-block-group-is-layout-constrained\" style=\"margin-top:0px\">\n<div class=\"wp-block-buttons is-horizontal is-content-justification-right is-layout-flex wp-container-core-buttons-is-layout-099266fd wp-block-buttons-is-layout-flex\" style=\"margin-top:0.51rem\">\n<div class=\"wp-block-button has-custom-width wp-block-button__width-100 is-style-fill\"><a class=\"wp-block-button__link has-text-color has-background has-custom-font-size wp-element-button\" href=\"#\" style=\"border-style:none;border-width:0px;border-radius:0rem;color:#fffffd;background-color:#006837;padding-top:0.71rem;padding-right:0.31rem;padding-bottom:0.71rem;padding-left:0.31rem;font-size:clamp(0.875rem, 0.875rem + ((1vw - 0.2rem) * 0.245), 1.01rem);font-style:normal;font-weight:600;line-height:1.5;text-transform:uppercase\">Contactez nous<\/a><\/div>\n<\/div>\n<\/div>\n<\/div>\n<\/div>\n<\/div><\/section>\n","protected":false},"excerpt":{"rendered":"<p>FAVORISANT LE LIEN SOCIAL \u00c0 L\u2019esperluette, chaque geste du quotidien est un lien contre l\u2019isolement Au sein de L\u2019esperluette, nous croyons que l\u2019inclusion ne se d\u00e9cr\u00e8te pas, elle se vit \u2014 chaque jour, dans les petits gestes, les \u00e9changes sinc\u00e8res et les instants partag\u00e9s. Loin de se limiter \u00e0 un toit ou \u00e0 un lieu [&hellip;]<\/p>\n","protected":false},"author":1,"featured_media":0,"parent":0,"menu_order":0,"comment_status":"closed","ping_status":"closed","template":"","meta":{"footnotes":""},"class_list":["post-13","page","type-page","status-publish","hentry"],"_links":{"self":[{"href":"https:\/\/maisonlesperluette.fr\/index.php\/wp-json\/wp\/v2\/pages\/13","targetHints":{"allow":["GET"]}}],"collection":[{"href":"https:\/\/maisonlesperluette.fr\/index.php\/wp-json\/wp\/v2\/pages"}],"about":[{"href":"https:\/\/maisonlesperluette.fr\/index.php\/wp-json\/wp\/v2\/types\/page"}],"author":[{"embeddable":true,"href":"https:\/\/maisonlesperluette.fr\/index.php\/wp-json\/wp\/v2\/users\/1"}],"replies":[{"embeddable":true,"href":"https:\/\/maisonlesperluette.fr\/index.php\/wp-json\/wp\/v2\/comments?post=13"}],"version-history":[{"count":12,"href":"https:\/\/maisonlesperluette.fr\/index.php\/wp-json\/wp\/v2\/pages\/13\/revisions"}],"predecessor-version":[{"id":142,"href":"https:\/\/maisonlesperluette.fr\/index.php\/wp-json\/wp\/v2\/pages\/13\/revisions\/142"}],"wp:attachment":[{"href":"https:\/\/maisonlesperluette.fr\/index.php\/wp-json\/wp\/v2\/media?parent=13"}],"curies":[{"name":"wp","href":"https:\/\/api.w.org\/{rel}","templated":true}]}}